{"id":70,"date":"2024-05-02T22:31:20","date_gmt":"2024-05-02T22:31:20","guid":{"rendered":"https:\/\/geothermie-homeier.de\/?page_id=70"},"modified":"2026-02-25T14:15:15","modified_gmt":"2026-02-25T14:15:15","slug":"tai-chi-lehrer-glen-homeier","status":"publish","type":"page","link":"https:\/\/geochi.de\/index.php\/tai-chi-lehrer-glen-homeier\/","title":{"rendered":"Tai Chi Lehrer &#8211; Glen Homeier"},"content":{"rendered":"<p>Ich lebe seit 2006 in Karlsruhe (seit 2020 in K\u00f6nigsbach-Stein) und unterrichte haupts\u00e4chlich Taiji und Qigong. Meine Taiji-Kenntnisse habe ich mir w\u00e4hrend meines Geologie-Studiums an der Universit\u00e4t T\u00fcbingen angeeignet.<\/p>\n<p style=\"text-align: justify;\">In die Welt des Taijiquan, der daoistischen Philosophie und chinesischen Denkweise, wurde ich von meinem Lehrer und Freund Cheng Dong aus Schanghai eingef\u00fchrt. Er zeigte mir den \u201erichtigen Weg\u201c, die Kunst der Ruhe, Konzentration und k\u00f6rperlichen Beherrschung. Oft trafen wir uns bei Sonnenaufgang in der Natur an der frischen Luft, um Taiji und Qigong zu praktizieren.<\/p>\n<p>F\u00fcr mich gab es danach \u00fcberhaupt keinen Zweifel, dass ich tiefer in die Welt des Taijiquan eintauchen m\u00f6chte. Bereits zwei Jahre sp\u00e4ter begann ich auf Empfehlungen meines Mentors, Taijiquan im Hochschulsport an der Universit\u00e4t T\u00fcbingen und Volkshochschule T\u00fcbingen zu unterrichten.<\/p>\n<p>Seit 1996 werde ich von Meister <a href=\"http:\/\/www.shx-taiji.com\/index.html\">Su Hua Xiang<\/a> aus Guangzhou in Taiji Chuan &amp; in den Waffenformen unterrichtet. Im Jahr 2011 wurde ich als sein &#8222;Innerer Sch\u00fcler&#8220; &#8211; &#8222;Tudi&#8220; aufgenommen, was mich nat\u00fcrlich sehr ehrt.<\/p>\n<p><img loading=\"lazy\" decoding=\"async\" class=\"alignnone wp-image-28 size-full\" src=\"https:\/\/geothermie-homeier.de\/wp-content\/uploads\/2024\/05\/Gl-Su-2.jpg\" alt=\"\" width=\"800\" height=\"528\" srcset=\"https:\/\/geochi.de\/wp-content\/uploads\/2024\/05\/Gl-Su-2.jpg 800w, https:\/\/geochi.de\/wp-content\/uploads\/2024\/05\/Gl-Su-2-300x198.jpg 300w, https:\/\/geochi.de\/wp-content\/uploads\/2024\/05\/Gl-Su-2-768x507.jpg 768w\" sizes=\"auto, (max-width: 800px) 100vw, 800px\" \/><\/p>\n<p>Weitere Taiji- und Qigong-Kenntnisse eignete ich mir durch intensives Training und Fortbildungskurse, haupts\u00e4chlich bei chinesischen Meistern und Gro\u00dfmeistern an. Bedeutende Taiji-Formen und deren &#8222;Geheimnisse&#8220; habe ich durch Gro\u00dfmeister Chen Xiaowang (Chen-Familie 19. Generation), Meister Yang Yun (Yang-Familie 6. Generation), Meister Chen Jumin und Meisterin Jian Guiyan erfahren k\u00f6nnen.<\/p>\n<p>Im Jahr 2009 begab ich mich in die Selbst\u00e4ndigkeit und versuche eine Kombination als Taiji\/Qigong-Lehrer und als freiberuflicher Geothermiker. Beides ist Energiearbeit, mit und in der Natur.<\/p>\n<div class=\"su-box su-box-style-default\" id=\"\" style=\"border-color:#b7b7b7;border-radius:3px;max-width:none\"><div class=\"su-box-title\" style=\"background-color:#EAEAEA;color:#000000;border-top-left-radius:1px;border-top-right-radius:1px\">Glen Homeier<\/div><div class=\"su-box-content su-u-clearfix su-u-trim\" style=\"border-bottom-left-radius:1px;border-bottom-right-radius:1px\">\n<p style=\"text-align: left;\"><img loading=\"lazy\" decoding=\"async\" class=\" wp-image-176 alignright\" src=\"https:\/\/geothermie-homeier.de\/wp-content\/uploads\/2024\/05\/glen_homeier-1.jpg\" alt=\"\" width=\"181\" height=\"229\" srcset=\"https:\/\/geochi.de\/wp-content\/uploads\/2024\/05\/glen_homeier-1.jpg 475w, https:\/\/geochi.de\/wp-content\/uploads\/2024\/05\/glen_homeier-1-238x300.jpg 238w\" sizes=\"auto, (max-width: 181px) 100vw, 181px\" \/>Taichi &amp; Qigong sind seit mehr als 30 Jahren ein fester Bestandteil meines Lebens. Sie sollen auch in Zunkunft eine bedeutende Rolle spielen. Ich praktiziere t\u00e4glich Taichi und Qigong, um mich geistig und k\u00f6rperlich fit zu halten und auch um Krankheiten vorzubeugen. Wie das Sprichwort schon sagt &#8222;Im hohen Alter geschmeidig wie ein Kind, gesund wie ein Holzf\u00e4ller und gelassen wie ein Weiser&#8220;.<\/p>\n<h4>Zertifizierte Lehrer<\/h4>\n<p><strong>DDQT-G\u00fctesiegel<\/strong> (Deutscher Dachverband f\u00fcr Qigong und Taijiquan e.V.)<br \/>\n<strong>TQN-Qualit\u00e4tssiegel<\/strong> (Taijiquan &amp; Qigong Netzwerk Deutschland e.V.)<br \/>\n<strong>Zertifizierte Liuhe Bafa Lehrer<\/strong> durch Meister Su HuaxiangMitglied im Tajiquan &amp; Qigong Netzwerk (TQN) Deutschland e.V.<br \/>\nMitglied in der Internationalen Yang Style Tai Chi Chuan Association<br \/>\nMitglied in der WCTAG (World Chen Xiaowang Taijiquan Association &#8211; Germany)<\/p>\n<\/div><\/div>\n","protected":false},"excerpt":{"rendered":"<p>Ich lebe seit 2006 in Karlsruhe (seit 2020 in K\u00f6nigsbach-Stein) und unterrichte haupts\u00e4chlich Taiji und Qigong. Meine Taiji-Kenntnisse habe ich mir w\u00e4hrend meines Geologie-Studiums an der Universit\u00e4t T\u00fcbingen angeeignet. In die Welt des Taijiquan,&#46;&#46;&#46;<\/p>\n","protected":false},"author":1,"featured_media":23,"parent":0,"menu_order":0,"comment_status":"closed","ping_status":"closed","template":"","meta":{"footnotes":""},"class_list":["post-70","page","type-page","status-publish","has-post-thumbnail","hentry"],"_links":{"self":[{"href":"https:\/\/geochi.de\/index.php\/wp-json\/wp\/v2\/pages\/70","targetHints":{"allow":["GET"]}}],"collection":[{"href":"https:\/\/geochi.de\/index.php\/wp-json\/wp\/v2\/pages"}],"about":[{"href":"https:\/\/geochi.de\/index.php\/wp-json\/wp\/v2\/types\/page"}],"author":[{"embeddable":true,"href":"https:\/\/geochi.de\/index.php\/wp-json\/wp\/v2\/users\/1"}],"replies":[{"embeddable":true,"href":"https:\/\/geochi.de\/index.php\/wp-json\/wp\/v2\/comments?post=70"}],"version-history":[{"count":35,"href":"https:\/\/geochi.de\/index.php\/wp-json\/wp\/v2\/pages\/70\/revisions"}],"predecessor-version":[{"id":286,"href":"https:\/\/geochi.de\/index.php\/wp-json\/wp\/v2\/pages\/70\/revisions\/286"}],"wp:featuredmedia":[{"embeddable":true,"href":"https:\/\/geochi.de\/index.php\/wp-json\/wp\/v2\/media\/23"}],"wp:attachment":[{"href":"https:\/\/geochi.de\/index.php\/wp-json\/wp\/v2\/media?parent=70"}],"curies":[{"name":"wp","href":"https:\/\/api.w.org\/{rel}","templated":true}]}}