{"id":6,"date":"2024-05-02T21:25:11","date_gmt":"2024-05-02T21:25:11","guid":{"rendered":"https:\/\/geothermie-homeier.de\/?page_id=6"},"modified":"2024-06-01T10:18:50","modified_gmt":"2024-06-01T10:18:50","slug":"startseite","status":"publish","type":"page","link":"https:\/\/geochi.de\/","title":{"rendered":"Startseite"},"content":{"rendered":"<section class=\"ce_text content_main block\">\n<h4>Steigern Sie Ihre Lebensqualit\u00e4t durch das Praktizieren von Taichi und Qigong<\/h4>\n<p>Bleiben Sie geistig und k\u00f6rperlich Gesund!<\/p>\n<p>Das Leben in unserer westlichen Zivilisation besteht heutzutage in erster Linie aus Arbeit und dem damit verbundenem Stress. Hinzu kommt die Bewegungslosigkeit, falsche Ern\u00e4hrung und viele andere Faktoren, die zu enormen gesundheitlichen Problemen f\u00fchren k\u00f6nnen.<\/p>\n<p>Was k\u00f6nnen wir dagegen unternehmen? Es ist ganz einfach&#8230;das Zauberwort hei\u00dft &#8222;Bewegung&#8220;. Taichi wird auch als &#8222;Meditation in Bewegung&#8220; bezeichnet. Die Bewegungen erfolgen zusammen mit der Atmung und der geistigen Koordination. Langsam, gleichm\u00e4\u00dfig und flie\u00dfend. Es entsteht eine Harmonie von Yin und Yang, man sagt, eine Harmonie von K\u00f6rper, Geist und Seele. Die Ergebnisse sind Entspannung, innere Ruhe und Ausgeglichenheit.<\/p>\n<p>Meinen Taichi- und Qigong-Unterricht biete ich vor allem in Universit\u00e4ten, Volkshochschulen, Schulen und Firmen an. Des Weiteren wird auf Anfrage Einzel- und Gruppenunterricht in Karlsruhe und T\u00fcbingen angeboten. Der Vorteil im Einzelunterricht besteht darin, dass ich auf Ihre individuellen Bed\u00fcrfnisse eingehen und Sie nach M\u00f6glichkeiten f\u00f6rdern und korrigieren kann. Es besteht keine Altersbeschr\u00e4nkung. Meine j\u00fcngsten Taiji-Sch\u00fclerinnen Svea und Lara sind acht und die \u00e4lteste Qigong-Sch\u00fclerin Gisela, 83 Jahre alt.<\/p>\n<p>Ich biete f\u00fcr jeden &#8222;Taichi-Qigong&#8220; Sch\u00fcler die M\u00f6glichkeit an, am &#8222;Freien Training in der Natur&#8220; im Schlosspark Karlsruhe teilzunehmen. Jeder kann seine &#8222;Taichi&#8220;-Stile oder &#8222;Qigong&#8220;-\u00dcbungen selbst\u00e4ndig praktizieren oder auch mit mir gemeinsam \u00fcben. Familienangeh\u00f6rige sind herzlich willkommen, k\u00f6nnen gerne mitmachen oder den Teilnehmern zuschauen. Selbstverst\u00e4ndlich ist das &#8222;Freie Training&#8220; kostenlos!<\/p>\n<div class=\"su-box su-box-style-default\" id=\"\" style=\"border-color:#b7b7b7;border-radius:3px;max-width:none\"><div class=\"su-box-title\" style=\"background-color:#EAEAEA;color:#000000;border-top-left-radius:1px;border-top-right-radius:1px\">Meine Unterrichtsschwerpunkte sind<\/div><div class=\"su-box-content su-u-clearfix su-u-trim\" style=\"border-bottom-left-radius:1px;border-bottom-right-radius:1px\">\n<p><img loading=\"lazy\" decoding=\"async\" class=\"alignright wp-image-48 size-full\" src=\"https:\/\/geothermie-homeier.de\/wp-content\/uploads\/2024\/05\/Peitschgart-2-2a3eb459.jpg\" alt=\"\" width=\"200\" height=\"289\" \/>Den Anf\u00e4ngern die Taichi Grundregeln, das Basiswissen und die Grundtechniken &#8222;Schritt f\u00fcr Schritt&#8220; beizubringen.<\/p>\n<p>Erlernte Taichi-Stile und Qigong-\u00dcbungen von meinem Lehrer Cheng Dong und Meister Su Hua Xiang weiterzugeben. Bsp. Peking-Form, Yang-Stil, Lihue Bafa<\/p>\n<p>Erlernte Taichi-Formen von den Taichi-Familien Yang und Chen an den fortgeschrittenen Sch\u00fcler weiterzugeben. Bsp. &#8222;Cansigong&#8220; &#8211; Seiden\u00fcbungen\/&#8220;Reeling Silk&#8220; und &#8222;Stehende S\u00e4ule&#8220;<\/p>\n<p>Taichi Waffenformen: Schwert- S\u00e4bel- und Regenbogenf\u00e4cher-Form<br \/>\nQigong: Wudang- Medizinisches- Stilles Qigong, &#8222;18 Bewegungen&#8220;<br \/>\nLiuhe Bafa: &#8222;Sechs Harmonien-Acht Methoden&#8220; und &#8222;Freies Training in der Natur&#8220;<\/p>\n<\/div><\/div>\n<\/section>\n","protected":false},"excerpt":{"rendered":"<p>Steigern Sie Ihre Lebensqualit\u00e4t durch das Praktizieren von Taichi und Qigong Bleiben Sie geistig und k\u00f6rperlich Gesund! Das Leben in unserer westlichen Zivilisation besteht heutzutage in erster Linie aus Arbeit und dem damit verbundenem&#46;&#46;&#46;<\/p>\n","protected":false},"author":1,"featured_media":28,"parent":0,"menu_order":0,"comment_status":"closed","ping_status":"closed","template":"","meta":{"footnotes":""},"class_list":["post-6","page","type-page","status-publish","has-post-thumbnail","hentry"],"_links":{"self":[{"href":"https:\/\/geochi.de\/index.php\/wp-json\/wp\/v2\/pages\/6","targetHints":{"allow":["GET"]}}],"collection":[{"href":"https:\/\/geochi.de\/index.php\/wp-json\/wp\/v2\/pages"}],"about":[{"href":"https:\/\/geochi.de\/index.php\/wp-json\/wp\/v2\/types\/page"}],"author":[{"embeddable":true,"href":"https:\/\/geochi.de\/index.php\/wp-json\/wp\/v2\/users\/1"}],"replies":[{"embeddable":true,"href":"https:\/\/geochi.de\/index.php\/wp-json\/wp\/v2\/comments?post=6"}],"version-history":[{"count":19,"href":"https:\/\/geochi.de\/index.php\/wp-json\/wp\/v2\/pages\/6\/revisions"}],"predecessor-version":[{"id":238,"href":"https:\/\/geochi.de\/index.php\/wp-json\/wp\/v2\/pages\/6\/revisions\/238"}],"wp:featuredmedia":[{"embeddable":true,"href":"https:\/\/geochi.de\/index.php\/wp-json\/wp\/v2\/media\/28"}],"wp:attachment":[{"href":"https:\/\/geochi.de\/index.php\/wp-json\/wp\/v2\/media?parent=6"}],"curies":[{"name":"wp","href":"https:\/\/api.w.org\/{rel}","templated":true}]}}