{"id":225,"date":"2024-05-14T13:10:30","date_gmt":"2024-05-14T13:10:30","guid":{"rendered":"https:\/\/geothermie-homeier.de\/?page_id=225"},"modified":"2024-05-14T13:11:58","modified_gmt":"2024-05-14T13:11:58","slug":"auftritte","status":"publish","type":"page","link":"https:\/\/geochi.de\/index.php\/auftritte\/","title":{"rendered":"Auftritte &#8211; Vorf\u00fchrungen"},"content":{"rendered":"<p>Hochschulsportgala Universit\u00e4t T\u00fcbingen (2001)<br \/>\nHochschulsportgala Universit\u00e4t T\u00fcbingen (2003)<br \/>\nBenefiz Veranstaltung T\u00fcbinger Sportverein<br \/>\nGesundheitstage Universit\u00e4t T\u00fcbingen (Naturwissenschaften)<\/p>\n<p>Messe Karlsruhe &#8211; 2004<br \/>\nKIT\/Forschungszentrum Karlsruhe &#8211; Tag der offenen T\u00fcr &#8211; 2010<br \/>\nKIT\/Universit\u00e4t &amp; Forschungsz. &#8211; Gesundheitstage &#8211; M\u00e4rz 2012<br \/>\nKIT\/Forschungsz. &#8211; 50 Jahre Sportgruppe Forschungsz. &#8211; Juli 2013<br \/>\nKIT\/Universit\u00e4t &amp; Forschungsz. &#8211; Gesundheitstag &#8211; Nov. 2014<br \/>\nAllianz Deutschland AG, Karlsruhe &#8211; Gesundheitstag &#8211; Sept. 2014<\/p>\n<p>Offerta &#8211; Messe Karlsruhe &#8211; Nov. 2015<br \/>\nOfferta &#8211; Messe Karlsruhe &#8211; Nov. 2016<br \/>\nOfferta &#8211; Messe Karlsruhe &#8211; Nov. 2017<\/p>\n<p>Pfitzenmeier &#8211; Er\u00f6fnung Karlsruhe &#8211; Juli 2017<br \/>\nPfitzenmeier &#8211; Iffizheim\/Pferderennbahn &#8211; August 2017<br \/>\nPfitzenmeier &#8211; BMW Ungeheuer\/ Crazy Palace &#8211; Nov. 2017<\/p>\n<p>Diverse Veranstaltungen (z.B. Geburtstage &amp; Hochzeiten)<\/p>\n","protected":false},"excerpt":{"rendered":"<p>Hochschulsportgala Universit\u00e4t T\u00fcbingen (2001) Hochschulsportgala Universit\u00e4t T\u00fcbingen (2003) Benefiz Veranstaltung T\u00fcbinger Sportverein Gesundheitstage Universit\u00e4t T\u00fcbingen (Naturwissenschaften) Messe Karlsruhe &#8211; 2004 KIT\/Forschungszentrum Karlsruhe &#8211; Tag der offenen T\u00fcr &#8211; 2010 KIT\/Universit\u00e4t &amp; Forschungsz. &#8211; Gesundheitstage&#46;&#46;&#46;<\/p>\n","protected":false},"author":1,"featured_media":0,"parent":0,"menu_order":0,"comment_status":"closed","ping_status":"closed","template":"","meta":{"footnotes":""},"class_list":["post-225","page","type-page","status-publish","hentry"],"_links":{"self":[{"href":"https:\/\/geochi.de\/index.php\/wp-json\/wp\/v2\/pages\/225","targetHints":{"allow":["GET"]}}],"collection":[{"href":"https:\/\/geochi.de\/index.php\/wp-json\/wp\/v2\/pages"}],"about":[{"href":"https:\/\/geochi.de\/index.php\/wp-json\/wp\/v2\/types\/page"}],"author":[{"embeddable":true,"href":"https:\/\/geochi.de\/index.php\/wp-json\/wp\/v2\/users\/1"}],"replies":[{"embeddable":true,"href":"https:\/\/geochi.de\/index.php\/wp-json\/wp\/v2\/comments?post=225"}],"version-history":[{"count":3,"href":"https:\/\/geochi.de\/index.php\/wp-json\/wp\/v2\/pages\/225\/revisions"}],"predecessor-version":[{"id":228,"href":"https:\/\/geochi.de\/index.php\/wp-json\/wp\/v2\/pages\/225\/revisions\/228"}],"wp:attachment":[{"href":"https:\/\/geochi.de\/index.php\/wp-json\/wp\/v2\/media?parent=225"}],"curies":[{"name":"wp","href":"https:\/\/api.w.org\/{rel}","templated":true}]}}