{"id":131,"date":"2024-05-03T22:35:16","date_gmt":"2024-05-03T22:35:16","guid":{"rendered":"https:\/\/geothermie-homeier.de\/?page_id=131"},"modified":"2026-02-25T14:20:11","modified_gmt":"2026-02-25T14:20:11","slug":"aktuelles","status":"publish","type":"page","link":"https:\/\/geochi.de\/index.php\/aktuelles\/","title":{"rendered":"Aktuelles"},"content":{"rendered":"<h4>Taichi-Qigong Essen &#8211; Rim Wang\u00a0 Januar 2026<\/h4>\n<p><img loading=\"lazy\" decoding=\"async\" class=\"alignnone size-full wp-image-13\" src=\"https:\/\/geothermie-homeier.de\/wp-content\/uploads\/2024\/05\/AbsE-2010-2.jpg\" alt=\"\" width=\"800\" height=\"559\" srcset=\"https:\/\/geochi.de\/wp-content\/uploads\/2024\/05\/AbsE-2010-2.jpg 800w, https:\/\/geochi.de\/wp-content\/uploads\/2024\/05\/AbsE-2010-2-300x210.jpg 300w, https:\/\/geochi.de\/wp-content\/uploads\/2024\/05\/AbsE-2010-2-768x537.jpg 768w\" sizes=\"auto, (max-width: 800px) 100vw, 800px\" \/><\/p>\n<p>Alle Taichi &amp; Qigong Teilnehmer in Karlsruhe\/T\u00fcbingen\/Bretten sind eingeladen<br \/>\nKIT Uni\/FZ, VHS, Fit-in, Pfitzenmeier, VB, Bad. Staatstheater&#8230;.<\/p>\n<p>Thail\u00e4ndisches Restaurant Rimwang: Karlsruhe (Gr\u00fcnwinkel)<\/p>\n<p>Bitte Anmelden: per Whatsapp\/ SMS\/ Email&#8230;<\/p>\n<h4>Freies Training im Schlosspark Karlsruhe<\/h4>\n<p><img loading=\"lazy\" decoding=\"async\" class=\"alignnone size-full wp-image-12\" src=\"https:\/\/geothermie-homeier.de\/wp-content\/uploads\/2024\/05\/TC-UniKa-1-Kopie-2.jpg\" alt=\"\" width=\"800\" height=\"600\" srcset=\"https:\/\/geochi.de\/wp-content\/uploads\/2024\/05\/TC-UniKa-1-Kopie-2.jpg 800w, https:\/\/geochi.de\/wp-content\/uploads\/2024\/05\/TC-UniKa-1-Kopie-2-300x225.jpg 300w, https:\/\/geochi.de\/wp-content\/uploads\/2024\/05\/TC-UniKa-1-Kopie-2-768x576.jpg 768w\" sizes=\"auto, (max-width: 800px) 100vw, 800px\" \/><\/p>\n<p>Ich biete f\u00fcr jeden Taichi-Qigong Sch\u00fcler die M\u00f6glichkeit an, am &#8222;Freien Training in der Natur&#8220; im\u00a0<a href=\"http:\/\/geochi.de\/wegbeschreibung.html\">Schlosspark Karlsruhe<\/a>\u00a0teilzunehmen. Jeder kann seine Taichi Stile oder Qigong \u00dcbungen selbst\u00e4ndig praktizieren oder auch mit mir gemeinsam \u00fcben. Familienangeh\u00f6rige sind herzlich willkommen. Wenn sie m\u00f6chten, k\u00f6nnen sie auch gerne mitmachen oder den Teilnehmern zuschauen. Es ist kostenlos!<\/p>\n","protected":false},"excerpt":{"rendered":"<p>Taichi-Qigong Essen &#8211; Rim Wang\u00a0 Januar 2026 Alle Taichi &amp; Qigong Teilnehmer in Karlsruhe\/T\u00fcbingen\/Bretten sind eingeladen KIT Uni\/FZ, VHS, Fit-in, Pfitzenmeier, VB, Bad. Staatstheater&#8230;. Thail\u00e4ndisches Restaurant Rimwang: Karlsruhe (Gr\u00fcnwinkel) Bitte Anmelden: per Whatsapp\/ SMS\/&#46;&#46;&#46;<\/p>\n","protected":false},"author":1,"featured_media":0,"parent":0,"menu_order":0,"comment_status":"closed","ping_status":"closed","template":"","meta":{"footnotes":""},"class_list":["post-131","page","type-page","status-publish","hentry"],"_links":{"self":[{"href":"https:\/\/geochi.de\/index.php\/wp-json\/wp\/v2\/pages\/131","targetHints":{"allow":["GET"]}}],"collection":[{"href":"https:\/\/geochi.de\/index.php\/wp-json\/wp\/v2\/pages"}],"about":[{"href":"https:\/\/geochi.de\/index.php\/wp-json\/wp\/v2\/types\/page"}],"author":[{"embeddable":true,"href":"https:\/\/geochi.de\/index.php\/wp-json\/wp\/v2\/users\/1"}],"replies":[{"embeddable":true,"href":"https:\/\/geochi.de\/index.php\/wp-json\/wp\/v2\/comments?post=131"}],"version-history":[{"count":5,"href":"https:\/\/geochi.de\/index.php\/wp-json\/wp\/v2\/pages\/131\/revisions"}],"predecessor-version":[{"id":287,"href":"https:\/\/geochi.de\/index.php\/wp-json\/wp\/v2\/pages\/131\/revisions\/287"}],"wp:attachment":[{"href":"https:\/\/geochi.de\/index.php\/wp-json\/wp\/v2\/media?parent=131"}],"curies":[{"name":"wp","href":"https:\/\/api.w.org\/{rel}","templated":true}]}}